{"id":13,"date":"2025-01-24T10:16:06","date_gmt":"2025-01-24T15:16:06","guid":{"rendered":"https:\/\/annieplengecounselor.com\/?page_id=13"},"modified":"2025-02-05T18:06:55","modified_gmt":"2025-02-05T17:06:55","slug":"terms-and-conditions","status":"publish","type":"page","link":"https:\/\/annieplengecounselor.com\/es\/terms-and-conditions\/","title":{"rendered":"T\u00e9rminos y condiciones"},"content":{"rendered":"<div data-elementor-type=\"wp-page\" data-elementor-id=\"13\" class=\"elementor elementor-13\" data-elementor-post-type=\"page\">\n\t\t\t\t<div class=\"elementor-element elementor-element-7230cf2 e-con-full wd-section-stretch e-flex e-con e-child\" data-id=\"7230cf2\" data-element_type=\"container\" data-e-type=\"container\" data-settings=\"{&quot;background_background&quot;:&quot;classic&quot;}\">\n\t\t\t\t<\/div>\n\t\t<div class=\"wd-negative-gap elementor-element elementor-element-5087dc52 e-flex e-con-boxed e-con e-parent\" data-id=\"5087dc52\" data-element_type=\"container\" data-e-type=\"container\">\n\t\t\t\t\t<div class=\"e-con-inner\">\n\t\t\t\t<div class=\"elementor-element elementor-element-b9b62e5 color-scheme-inherit text-left elementor-widget elementor-widget-text-editor\" data-id=\"b9b62e5\" data-element_type=\"widget\" data-e-type=\"widget\" data-widget_type=\"text-editor.default\">\n\t\t\t\t<div class=\"elementor-widget-container\">\n\t\t\t\t\t\t\t\t\t<h2>T\u00e9rminos y condiciones<\/h2><h2>Consulta inicial<\/h2><p>La primera sesi\u00f3n, o \u201creuni\u00f3n de evaluaci\u00f3n\u201d, dura 15 minutos y nos da la oportunidad a m\u00ed y al cliente de conocernos. En el caso de los ni\u00f1os y adolescentes, los padres pueden participar en parte de la sesi\u00f3n, dependiendo de la edad del ni\u00f1o y de lo que funcione mejor para la familia.<\/p><p>No existe obligaci\u00f3n de continuar despu\u00e9s de la consulta inicial si alguna de las partes considera que el servicio puede no ser el adecuado. Decidiremos juntos si procedemos con m\u00e1s sesiones.<\/p><h2>Consulta regular<\/h2><p>Las sesiones regulares duran 50 minutos.<\/p><h2>Costos y Facturaci\u00f3n<\/h2><ul><li>Primera consulta: gratuita (m\u00e1ximo 15 minutos por tel\u00e9fono o correo electr\u00f3nico). Sin compromiso.<\/li><li>Tarifas de sesi\u00f3n: Las tarifas pueden variar seg\u00fan el pa\u00eds de residencia del cliente. A\u00f1ade tu sesi\u00f3n al carrito de compras para ver la tarifa correspondiente a tu pa\u00eds.<\/li><\/ul><p>La facturaci\u00f3n la gestiona nuestro equipo administrativo. Una vez que decidas continuar con el apoyo psicol\u00f3gico, completa el formulario de registro aqu\u00ed. <a href=\"https:\/\/www.foundationsforlearning.ch\/registration\/\" target=\"_blank\" rel=\"noopener\">Formulario de inscripci\u00f3n<\/a><\/p><p>No es necesario registrarse para la consulta inicial, pero es obligatorio antes de comenzar las sesiones de terapia. Se requieren datos personales como el nombre y la fecha de nacimiento antes de que podamos continuar.<\/p><h2>Pol\u00edtica de cancelaci\u00f3n<\/h2><ul><li>Se requiere aviso de 24 horas para cancelar o reprogramar una sesi\u00f3n sin incurrir en ning\u00fan cargo.<\/li><li>Si una sesi\u00f3n se cancela con menos de 24 horas de anticipaci\u00f3n, la sesi\u00f3n se considerar\u00e1 como asistida y se aplicar\u00e1 la tarifa completa.<\/li><li>Las primeras cancelaciones de \u00faltimo momento no se cobrar\u00e1n, pero las cancelaciones posteriores sin previo aviso s\u00ed tendr\u00e1n un coste.<\/li><\/ul><h2>Pol\u00edtica de pagos<\/h2><ul><li>Los pagos de sesiones canceladas anticipadamente ser\u00e1n devueltos, descontando la comisi\u00f3n de la plataforma de pago utilizada en esta web.<\/li><\/ul><h2>Emergencias psicol\u00f3gicas<\/h2><p>Si usted o alguien que conoce se encuentra en una situaci\u00f3n de emergencia psicol\u00f3gica (por ejemplo, si corre el riesgo de hacerse da\u00f1o a s\u00ed mismo o a los dem\u00e1s), comun\u00edquese con los servicios de emergencia m\u00e1s cercanos. Nuestro consultorio no brinda servicios de intervenci\u00f3n en situaciones de crisis de emergencia.<\/p>\t\t\t\t\t\t\t\t<\/div>\n\t\t\t\t<\/div>\n\t\t\t\t\t<\/div>\n\t\t\t\t<\/div>\n\t\t\t\t<\/div>","protected":false},"excerpt":{"rendered":"<p>Terms and Conditions Initial Consultation The first session, or &#8220;assessment meeting,&#8221; lasts 15 minutes, giving both the client and me<\/p>","protected":false},"author":1,"featured_media":0,"parent":0,"menu_order":0,"comment_status":"closed","ping_status":"closed","template":"","meta":{"_acf_changed":false,"footnotes":""},"class_list":["post-13","page","type-page","status-publish","hentry"],"acf":[],"_links":{"self":[{"href":"https:\/\/annieplengecounselor.com\/es\/wp-json\/wp\/v2\/pages\/13","targetHints":{"allow":["GET"]}}],"collection":[{"href":"https:\/\/annieplengecounselor.com\/es\/wp-json\/wp\/v2\/pages"}],"about":[{"href":"https:\/\/annieplengecounselor.com\/es\/wp-json\/wp\/v2\/types\/page"}],"author":[{"embeddable":true,"href":"https:\/\/annieplengecounselor.com\/es\/wp-json\/wp\/v2\/users\/1"}],"replies":[{"embeddable":true,"href":"https:\/\/annieplengecounselor.com\/es\/wp-json\/wp\/v2\/comments?post=13"}],"version-history":[{"count":22,"href":"https:\/\/annieplengecounselor.com\/es\/wp-json\/wp\/v2\/pages\/13\/revisions"}],"predecessor-version":[{"id":1158,"href":"https:\/\/annieplengecounselor.com\/es\/wp-json\/wp\/v2\/pages\/13\/revisions\/1158"}],"wp:attachment":[{"href":"https:\/\/annieplengecounselor.com\/es\/wp-json\/wp\/v2\/media?parent=13"}],"curies":[{"name":"wp","href":"https:\/\/api.w.org\/{rel}","templated":true}]}}