{"id":383,"date":"2024-12-23T16:42:49","date_gmt":"2024-12-23T16:42:49","guid":{"rendered":"https:\/\/annieplengecounselor.com\/?page_id=383"},"modified":"2025-09-22T21:14:54","modified_gmt":"2025-09-22T19:14:54","slug":"about-annie","status":"publish","type":"page","link":"https:\/\/annieplengecounselor.com\/es\/about-annie\/","title":{"rendered":"Sobre Annie"},"content":{"rendered":"<div data-elementor-type=\"wp-page\" data-elementor-id=\"383\" class=\"elementor elementor-383\" data-elementor-post-type=\"page\">\n\t\t\t\t<div class=\"wd-negative-gap elementor-element elementor-element-e5ed2c1 wd-section-stretch e-flex e-con-boxed e-con e-parent\" data-id=\"e5ed2c1\" data-element_type=\"container\" data-e-type=\"container\" data-settings=\"{&quot;background_background&quot;:&quot;classic&quot;}\">\n\t\t\t\t\t<div class=\"e-con-inner\">\n\t\t\t\t<div class=\"elementor-element elementor-element-90dff48 elementor-widget elementor-widget-heading\" data-id=\"90dff48\" data-element_type=\"widget\" data-e-type=\"widget\" data-widget_type=\"heading.default\">\n\t\t\t\t<div class=\"elementor-widget-container\">\n\t\t\t\t\t<h2 class=\"elementor-heading-title elementor-size-default\">Consejero psicol\u00f3gico y educativo\n<br><div><span style=\"font-size: 22px;text-align: var(--text-align)\">T\u00edtulo especial en orientaci\u00f3n familiar <\/span><br><\/div><\/h2>\t\t\t\t<\/div>\n\t\t\t\t<\/div>\n\t\t\t\t\t<\/div>\n\t\t\t\t<\/div>\n\t\t<div class=\"wd-negative-gap elementor-element elementor-element-001bad4 wd-section-stretch e-flex e-con-boxed e-con e-parent\" data-id=\"001bad4\" data-element_type=\"container\" data-e-type=\"container\" data-settings=\"{&quot;background_background&quot;:&quot;classic&quot;}\">\n\t\t\t\t\t<div class=\"e-con-inner\">\n\t\t<div class=\"elementor-element elementor-element-dfecca7 e-flex e-con-boxed e-con e-child\" data-id=\"dfecca7\" data-element_type=\"container\" data-e-type=\"container\">\n\t\t\t\t\t<div class=\"e-con-inner\">\n\t\t<div class=\"elementor-element elementor-element-5d5cdbb e-con-full e-flex e-con e-child\" data-id=\"5d5cdbb\" data-element_type=\"container\" data-e-type=\"container\">\n\t\t\t\t<div class=\"elementor-element elementor-element-62479cc elementor-widget elementor-widget-image\" data-id=\"62479cc\" data-element_type=\"widget\" data-e-type=\"widget\" data-widget_type=\"image.default\">\n\t\t\t\t<div class=\"elementor-widget-container\">\n\t\t\t\t\t\t\t\t\t\t\t\t\t\t\t<img fetchpriority=\"high\" decoding=\"async\" width=\"1200\" height=\"1354\" src=\"https:\/\/annieplengecounselor.com\/wp-content\/uploads\/2024\/12\/annie1.webp\" class=\"attachment-full size-full wp-image-107\" alt=\"\" srcset=\"https:\/\/annieplengecounselor.com\/wp-content\/uploads\/2024\/12\/annie1.webp 1200w, https:\/\/annieplengecounselor.com\/wp-content\/uploads\/2024\/12\/annie1-266x300.webp 266w, https:\/\/annieplengecounselor.com\/wp-content\/uploads\/2024\/12\/annie1-908x1024.webp 908w, https:\/\/annieplengecounselor.com\/wp-content\/uploads\/2024\/12\/annie1-768x867.webp 768w, https:\/\/annieplengecounselor.com\/wp-content\/uploads\/2024\/12\/annie1-600x677.webp 600w, https:\/\/annieplengecounselor.com\/wp-content\/uploads\/2024\/12\/annie1-150x169.webp 150w\" sizes=\"(max-width: 1200px) 100vw, 1200px\" \/>\t\t\t\t\t\t\t\t\t\t\t\t\t\t\t<\/div>\n\t\t\t\t<\/div>\n\t\t\t\t<\/div>\n\t\t<div class=\"elementor-element elementor-element-4e4c4d2 e-con-full e-flex e-con e-child\" data-id=\"4e4c4d2\" data-element_type=\"container\" data-e-type=\"container\">\n\t\t\t\t<div class=\"elementor-element elementor-element-7a70e51 elementor-widget__width-initial elementor-widget elementor-widget-heading\" data-id=\"7a70e51\" data-element_type=\"widget\" data-e-type=\"widget\" data-widget_type=\"heading.default\">\n\t\t\t\t<div class=\"elementor-widget-container\">\n\t\t\t\t\t<h2 class=\"elementor-heading-title elementor-size-default\">\u00a0Conoce a Annie<\/h2>\t\t\t\t<\/div>\n\t\t\t\t<\/div>\n\t\t\t\t<div class=\"elementor-element elementor-element-9e91cd5 elementor-widget__width-initial elementor-widget elementor-widget-heading\" data-id=\"9e91cd5\" data-element_type=\"widget\" data-e-type=\"widget\" data-widget_type=\"heading.default\">\n\t\t\t\t<div class=\"elementor-widget-container\">\n\t\t\t\t\t<h2 class=\"elementor-heading-title elementor-size-default\">Una vida de comprensi\u00f3n multicultural y atenci\u00f3n compasiva.<\/h2>\t\t\t\t<\/div>\n\t\t\t\t<\/div>\n\t\t\t\t<div class=\"elementor-element elementor-element-cef58e5 elementor-widget__width-initial color-scheme-inherit text-left elementor-widget elementor-widget-text-editor\" data-id=\"cef58e5\" data-element_type=\"widget\" data-e-type=\"widget\" data-widget_type=\"text-editor.default\">\n\t\t\t\t<div class=\"elementor-widget-container\">\n\t\t\t\t\t\t\t\t\t<p>Me llamo Annie Plenge. Tengo 43 a\u00f1os, estoy casada y soy madre de tres maravillosos hijos de 11, 8 y 5 a\u00f1os.<\/p><p>Antes de ser madre, trabaj\u00e9 m\u00e1s de seis a\u00f1os en escuelas, inicialmente como profesora. A medida que avanzaba en mi formaci\u00f3n acad\u00e9mica, pas\u00e9 al departamento de consejer\u00eda, trabajando en varias escuelas y, finalmente, ingres\u00e9 en un importante centro psicol\u00f3gico en Per\u00fa.<\/p><p>Durante esos seis a\u00f1os de trabajo escolar, tambi\u00e9n realic\u00e9 dos m\u00e1steres: uno en Familia y Orientaci\u00f3n, y otro en Intervenci\u00f3n Psicol\u00f3gica y Educativa en la Universidad de Navarra.<\/p><p>En 2013, qued\u00e9 embarazada de mi primera hija y, con el apoyo de mi esposo, decid\u00ed abrir mi consultorio privado. Empec\u00e9 con pocos clientes: familias que confiaron en m\u00ed y me dieron la oportunidad de crecer. Gracias a ellos, mi consultorio prosper\u00f3 y mi trabajo empez\u00f3 a hablar por s\u00ed solo. Lo que empez\u00f3 discretamente pronto se expandi\u00f3, atrayendo a clientes de todas las edades.<\/p><p>Mientras trabajaba en Per\u00fa, comenc\u00e9 a incorporar la cocina al apoyo emocional como herramienta terap\u00e9utica. Este enfoque result\u00f3 eficaz para ayudar a los clientes a regular las emociones y la ansiedad, mejorar la flexibilidad, abordar las dificultades de procesamiento sensorial y mejorar las habilidades de comunicaci\u00f3n, entre otros beneficios.<\/p><p>En 2020, mi familia y yo comenzamos una nueva etapa al mudarnos a Suiza. No ha sido f\u00e1cil, todo lo contrario. Pero despu\u00e9s de un par de a\u00f1os, las cosas han mejorado significativamente. Todav\u00eda estamos aprendiendo a surfear la ola \u2014a veces en la cima, otras simplemente dej\u00e1ndonos llevar\u2014, pero seguimos adelante.<\/p>\t\t\t\t\t\t\t\t<\/div>\n\t\t\t\t<\/div>\n\t\t\t\t<\/div>\n\t\t\t\t\t<\/div>\n\t\t\t\t<\/div>\n\t\t<div class=\"elementor-element elementor-element-bc213f2 e-con-full e-flex e-con e-child\" data-id=\"bc213f2\" data-element_type=\"container\" data-e-type=\"container\">\n\t\t<div class=\"elementor-element elementor-element-c878aae e-flex e-con-boxed e-con e-child\" data-id=\"c878aae\" data-element_type=\"container\" data-e-type=\"container\">\n\t\t\t\t\t<div class=\"e-con-inner\">\n\t\t\t\t<div class=\"elementor-element elementor-element-a25e435 elementor-widget__width-initial color-scheme-inherit text-left elementor-widget elementor-widget-text-editor\" data-id=\"a25e435\" data-element_type=\"widget\" data-e-type=\"widget\" data-widget_type=\"text-editor.default\">\n\t\t\t\t<div class=\"elementor-widget-container\">\n\t\t\t\t\t\t\t\t\t<p>Durante los \u00faltimos tres a\u00f1os, he trabajado para Foundations for Learning en Suiza, brindando servicios de orientaci\u00f3n a escuelas privadas. Esta experiencia me ha permitido comprender a fondo los desaf\u00edos \u00fanicos que plantean las diferencias culturales y ling\u00fc\u00edsticas.<\/p><p>Mi enfoque principal siempre ha sido la familia, ya sea al atravesar un divorcio, afrontar el duelo o simplemente esforzarme por construir relaciones saludables con ellos mismos y entre ellos.<\/p><p>Creo en crear una red de apoyo integral para cada individuo.<\/p><p>A trav\u00e9s del trabajo en equipo, ayudo a construir un camino que se centra en el bienestar y el crecimiento emocional de cada ni\u00f1o y miembro de la familia.<\/p><p>Adem\u00e1s de mi trabajo como consejera y escribir, me encanta hornear con y para mis hijos.<\/p><p>Tambi\u00e9n estoy certificada como profesora de ingl\u00e9s por la Universidad de Cambridge, lo que me permite aportar una dimensi\u00f3n ling\u00fc\u00edstica a mi pr\u00e1ctica.<\/p><p>Ofrezco servicios en ingl\u00e9s, espa\u00f1ol y alem\u00e1n nivel intermedio.<\/p>\t\t\t\t\t\t\t\t<\/div>\n\t\t\t\t<\/div>\n\t\t\t\t\t<\/div>\n\t\t\t\t<\/div>\n\t\t<div class=\"elementor-element elementor-element-82aac18 wd-section-stretch e-flex e-con-boxed e-con e-child\" data-id=\"82aac18\" data-element_type=\"container\" data-e-type=\"container\">\n\t\t\t\t\t<div class=\"e-con-inner\">\n\t\t\t\t<div class=\"elementor-element elementor-element-2c9b218 elementor-widget elementor-widget-button\" data-id=\"2c9b218\" data-element_type=\"widget\" data-e-type=\"widget\" data-widget_type=\"button.default\">\n\t\t\t\t<div class=\"elementor-widget-container\">\n\t\t\t\t\t\t\t\t\t<div class=\"elementor-button-wrapper\">\n\t\t\t\t\t<a class=\"elementor-button elementor-button-link elementor-size-sm\" href=\"http:\/\/wa.me\/+41762124617\">\n\t\t\t\t\t\t<span class=\"elementor-button-content-wrapper\">\n\t\t\t\t\t\t\t\t\t<span class=\"elementor-button-text\">Reservar una sesi\u00f3n<\/span>\n\t\t\t\t\t<\/span>\n\t\t\t\t\t<\/a>\n\t\t\t\t<\/div>\n\t\t\t\t\t\t\t\t<\/div>\n\t\t\t\t<\/div>\n\t\t\t\t\t<\/div>\n\t\t\t\t<\/div>\n\t\t\t\t<\/div>\n\t\t\t\t\t<\/div>\n\t\t\t\t<\/div>\n\t\t\t\t<\/div>","protected":false},"excerpt":{"rendered":"<p>Consejera psicol\u00f3gica y educativa. Especializaci\u00f3n en terapia familiar. Conozca a Annie. Una vida de comprensi\u00f3n multicultural y atenci\u00f3n compasiva. Mi<\/p>","protected":false},"author":1,"featured_media":0,"parent":0,"menu_order":0,"comment_status":"closed","ping_status":"closed","template":"","meta":{"_acf_changed":false,"footnotes":""},"class_list":["post-383","page","type-page","status-publish","hentry"],"acf":[],"_links":{"self":[{"href":"https:\/\/annieplengecounselor.com\/es\/wp-json\/wp\/v2\/pages\/383","targetHints":{"allow":["GET"]}}],"collection":[{"href":"https:\/\/annieplengecounselor.com\/es\/wp-json\/wp\/v2\/pages"}],"about":[{"href":"https:\/\/annieplengecounselor.com\/es\/wp-json\/wp\/v2\/types\/page"}],"author":[{"embeddable":true,"href":"https:\/\/annieplengecounselor.com\/es\/wp-json\/wp\/v2\/users\/1"}],"replies":[{"embeddable":true,"href":"https:\/\/annieplengecounselor.com\/es\/wp-json\/wp\/v2\/comments?post=383"}],"version-history":[{"count":73,"href":"https:\/\/annieplengecounselor.com\/es\/wp-json\/wp\/v2\/pages\/383\/revisions"}],"predecessor-version":[{"id":1854,"href":"https:\/\/annieplengecounselor.com\/es\/wp-json\/wp\/v2\/pages\/383\/revisions\/1854"}],"wp:attachment":[{"href":"https:\/\/annieplengecounselor.com\/es\/wp-json\/wp\/v2\/media?parent=383"}],"curies":[{"name":"wp","href":"https:\/\/api.w.org\/{rel}","templated":true}]}}