{"id":999,"date":"2025-01-24T12:17:45","date_gmt":"2025-01-24T17:17:45","guid":{"rendered":"https:\/\/annieplengecounselor.com\/?page_id=999"},"modified":"2025-01-24T12:47:08","modified_gmt":"2025-01-24T17:47:08","slug":"free-trial","status":"publish","type":"page","link":"https:\/\/annieplengecounselor.com\/es\/free-trial\/","title":{"rendered":"Prueba Gratuita"},"content":{"rendered":"<div data-elementor-type=\"wp-page\" data-elementor-id=\"999\" class=\"elementor elementor-999\" data-elementor-post-type=\"page\">\n\t\t\t\t<div class=\"wd-negative-gap elementor-element elementor-element-4d6bc9c wd-section-stretch e-flex e-con-boxed e-con e-parent\" data-id=\"4d6bc9c\" data-element_type=\"container\" data-e-type=\"container\" data-settings=\"{&quot;background_background&quot;:&quot;classic&quot;}\">\n\t\t\t\t\t<div class=\"e-con-inner\">\n\t\t\t\t<div class=\"elementor-element elementor-element-3460891 elementor-widget elementor-widget-heading\" data-id=\"3460891\" data-element_type=\"widget\" data-e-type=\"widget\" data-widget_type=\"heading.default\">\n\t\t\t\t<div class=\"elementor-widget-container\">\n\t\t\t\t\t<h2 class=\"elementor-heading-title elementor-size-default\">Prueba Gratuita<\/h2>\t\t\t\t<\/div>\n\t\t\t\t<\/div>\n\t\t\t\t\t<\/div>\n\t\t\t\t<\/div>\n\t\t<div class=\"wd-negative-gap elementor-element elementor-element-4b5374f wd-section-stretch e-flex e-con-boxed e-con e-parent\" data-id=\"4b5374f\" data-element_type=\"container\" data-e-type=\"container\" data-settings=\"{&quot;background_background&quot;:&quot;classic&quot;}\">\n\t\t\t\t\t<div class=\"e-con-inner\">\n\t\t<div class=\"elementor-element elementor-element-1e322ea e-con-full e-flex e-con e-child\" data-id=\"1e322ea\" data-element_type=\"container\" data-e-type=\"container\">\n\t\t\t\t<div class=\"elementor-element elementor-element-a7fb15e elementor-widget__width-initial elementor-widget elementor-widget-heading\" data-id=\"a7fb15e\" data-element_type=\"widget\" data-e-type=\"widget\" data-widget_type=\"heading.default\">\n\t\t\t\t<div class=\"elementor-widget-container\">\n\t\t\t\t\t<h2 class=\"elementor-heading-title elementor-size-default\">Prueba Gratuita<\/h2>\t\t\t\t<\/div>\n\t\t\t\t<\/div>\n\t\t\t\t<div class=\"elementor-element elementor-element-a73bdaf elementor-widget__width-initial elementor-widget elementor-widget-wd_contact_form_7\" data-id=\"a73bdaf\" data-element_type=\"widget\" data-e-type=\"widget\" data-widget_type=\"wd_contact_form_7.default\">\n\t\t\t\t<div class=\"elementor-widget-container\">\n\t\t\t\t\t\n<div class=\"wpcf7 no-js\" id=\"wpcf7-f998-o1\" lang=\"en-US\" dir=\"ltr\" data-wpcf7-id=\"998\">\n<div class=\"screen-reader-response\"><p role=\"status\" aria-live=\"polite\" aria-atomic=\"true\"><\/p> <ul><\/ul><\/div>\n<form action=\"\/es\/wp-json\/wp\/v2\/pages\/999#wpcf7-f998-o1\" method=\"post\" class=\"wpcf7-form init\" aria-label=\"Formulario de contacto\" novalidate=\"novalidate\" data-status=\"init\" data-trp-original-action=\"\/es\/wp-json\/wp\/v2\/pages\/999#wpcf7-f998-o1\">\n<fieldset class=\"hidden-fields-container\"><input type=\"hidden\" name=\"_wpcf7\" value=\"998\" \/><input type=\"hidden\" name=\"_wpcf7_version\" value=\"6.1.5\" \/><input type=\"hidden\" name=\"_wpcf7_locale\" value=\"en_US\" \/><input type=\"hidden\" name=\"_wpcf7_unit_tag\" value=\"wpcf7-f998-o1\" \/><input type=\"hidden\" name=\"_wpcf7_container_post\" value=\"0\" \/><input type=\"hidden\" name=\"_wpcf7_posted_data_hash\" value=\"\" \/>\n<\/fieldset>\n<div class=\"form-container\">\n\t<p><span class=\"wpcf7-form-control-wrap\" data-name=\"country\"><input size=\"40\" maxlength=\"400\" class=\"wpcf7-form-control wpcf7-text wpcf7-validates-as-required\" aria-required=\"true\" aria-invalid=\"false\" placeholder=\"\u00bfEn qu\u00e9 pa\u00eds est\u00e1s?\" value=\"\" type=\"text\" name=\"country\" \/><\/span>\n\t<\/p>\n\t<p>\u00bfCu\u00e1l es tu g\u00e9nero?\n\t<\/p>\n\t<p><span class=\"wpcf7-form-control-wrap\" data-name=\"gender\"><span class=\"wpcf7-form-control wpcf7-radio\"><span class=\"wpcf7-list-item first\"><label><input type=\"radio\" name=\"gender\" value=\"Woman\" \/><span class=\"wpcf7-list-item-label\">Mujer<\/span><\/label><\/span><span class=\"wpcf7-list-item last\"><label><input type=\"radio\" name=\"gender\" value=\"Man\" \/><span class=\"wpcf7-list-item-label\">Hombre<\/span><\/label><\/span><\/span><\/span><br \/>\n<small>El g\u00e9nero juega un papel importante en la formaci\u00f3n de la identidad y las experiencias personales. Esta informaci\u00f3n me ayudar\u00e1 a ofrecer un enfoque m\u00e1s personalizado.<\/small>\n\t<\/p>\n\t<p><span class=\"wpcf7-form-control-wrap\" data-name=\"age\"><input class=\"wpcf7-form-control wpcf7-number wpcf7-validates-as-required wpcf7-validates-as-number\" aria-required=\"true\" aria-invalid=\"false\" placeholder=\"\u00bfCu\u00e1l es tu edad?\" value=\"\" type=\"number\" name=\"age\" \/><\/span>\n\t<\/p>\n\t<p><span class=\"wpcf7-form-control-wrap\" data-name=\"birth\"><input class=\"wpcf7-form-control wpcf7-date wpcf7-validates-as-required wpcf7-validates-as-date\" aria-required=\"true\" aria-invalid=\"false\" placeholder=\"mm\/dd\/aaaa\" value=\"\" type=\"date\" name=\"birth\" \/><\/span>\n\t<\/p>\n\t<p>\u00bfCu\u00e1l es tu estado civil?\n\t<\/p>\n\t<p><span class=\"wpcf7-form-control-wrap\" data-name=\"relationship-status\"><select class=\"wpcf7-form-control wpcf7-select wpcf7-validates-as-required\" aria-required=\"true\" aria-invalid=\"false\" name=\"relationship-status\"><option value=\"Single\">Soltero<\/option><option value=\"Married\">Casado<\/option><option value=\"In a relationship\">En una relaci\u00f3n<\/option><option value=\"Divorced\">Divorciado<\/option><option value=\"Widowed\">Viudo<\/option><option value=\"Other\">Otro<\/option><\/select><\/span>\n\t<\/p>\n\t<p>\u00bfTe consideras una persona espiritual?\n\t<\/p>\n\t<p><span class=\"wpcf7-form-control-wrap\" data-name=\"spiritual\"><span class=\"wpcf7-form-control wpcf7-radio\"><span class=\"wpcf7-list-item first\"><label><input type=\"radio\" name=\"spiritual\" value=\"Yes\" \/><span class=\"wpcf7-list-item-label\">Si<\/span><\/label><\/span><span class=\"wpcf7-list-item\"><label><input type=\"radio\" name=\"spiritual\" value=\"No\" \/><span class=\"wpcf7-list-item-label\">No<\/span><\/label><\/span><span class=\"wpcf7-list-item last\"><label><input type=\"radio\" name=\"spiritual\" value=\"Prefer not to say\" \/><span class=\"wpcf7-list-item-label\">Prefiero no decirlo<\/span><\/label><\/span><\/span><\/span><br \/>\n<small>Esta informaci\u00f3n me ayuda a ofrecer un enfoque m\u00e1s personalizado.<\/small>\n\t<\/p>\n\t<p>\u00bfHas estado en terapia antes?\n\t<\/p>\n\t<p><span class=\"wpcf7-form-control-wrap\" data-name=\"therapy-history\"><span class=\"wpcf7-form-control wpcf7-radio\"><span class=\"wpcf7-list-item first\"><label><input type=\"radio\" name=\"therapy-history\" value=\"Yes\" \/><span class=\"wpcf7-list-item-label\">Si<\/span><\/label><\/span><span class=\"wpcf7-list-item last\"><label><input type=\"radio\" name=\"therapy-history\" value=\"No\" \/><span class=\"wpcf7-list-item-label\">No<\/span><\/label><\/span><\/span><\/span><br \/>\n<small>Comprender tu historial terap\u00e9utico me ayuda a crear un plan m\u00e1s efectivo.<\/small>\n\t<\/p>\n\t<p>\u00bfQu\u00e9 te llev\u00f3 a considerar la terapia hoy?\n\t<\/p>\n\t<p><span class=\"wpcf7-form-control-wrap\" data-name=\"therapy-reason\"><textarea cols=\"40\" rows=\"10\" maxlength=\"2000\" class=\"wpcf7-form-control wpcf7-textarea wpcf7-validates-as-required\" aria-required=\"true\" aria-invalid=\"false\" placeholder=\"Describe tu situaci\u00f3n actual\" name=\"therapy-reason\"><\/textarea><\/span><br \/>\n<small>Esta es una pregunta preliminar para comprender por lo que est\u00e1s pasando. Tendr\u00e1s m\u00e1s oportunidades para explicar o profundizar en tus sentimientos y desaf\u00edos m\u00e1s adelante<\/small>\n\t<\/p>\n\t<p>\u00bfCu\u00e1les son tus expectativas del terapeuta?\n\t<\/p>\n\t<p><span class=\"wpcf7-form-control-wrap\" data-name=\"expectations\"><span class=\"wpcf7-form-control wpcf7-checkbox\"><span class=\"wpcf7-list-item first\"><input type=\"checkbox\" name=\"expectations[]\" value=\"A therapist who listens\" \/><span class=\"wpcf7-list-item-label\">Un terapeuta que escuche<\/span><\/span><span class=\"wpcf7-list-item\"><input type=\"checkbox\" name=\"expectations[]\" value=\"Explores my past\" \/><span class=\"wpcf7-list-item-label\">Que explore mi pasado<\/span><\/span><span class=\"wpcf7-list-item\"><input type=\"checkbox\" name=\"expectations[]\" value=\"Teaches new skills\" \/><span class=\"wpcf7-list-item-label\">Que me ense\u00f1e nuevas habilidades<\/span><\/span><span class=\"wpcf7-list-item\"><input type=\"checkbox\" name=\"expectations[]\" value=\"Changes beliefs\" \/><span class=\"wpcf7-list-item-label\">Que me ayude a cambiar creencias<\/span><\/span><span class=\"wpcf7-list-item\"><input type=\"checkbox\" name=\"expectations[]\" value=\"Guides me to set my goals\" \/><span class=\"wpcf7-list-item-label\">\"Que me gu\u00ede para establecer mis objetivos<\/span><\/span><span class=\"wpcf7-list-item\"><input type=\"checkbox\" name=\"expectations[]\" value=\"Other\" \/><span class=\"wpcf7-list-item-label\">Otro<\/span><\/span><span class=\"wpcf7-list-item last\"><input type=\"checkbox\" name=\"expectations[]\" value=\"I don\u2019t know\" \/><span class=\"wpcf7-list-item-label\">No s\u00e9<\/span><\/span><\/span><\/span>\n\t<\/p>\n\t<p>\u00bfCu\u00e1l es su lenguaje terap\u00e9utico preferido?\n\t<\/p>\n\t<p><span class=\"wpcf7-form-control-wrap\" data-name=\"preferred-language\"><span class=\"wpcf7-form-control wpcf7-radio\"><span class=\"wpcf7-list-item first\"><label><input type=\"radio\" name=\"preferred-language\" value=\"English\" \/><span class=\"wpcf7-list-item-label\">Ingl\u00e9s<\/span><\/label><\/span><span class=\"wpcf7-list-item last\"><label><input type=\"radio\" name=\"preferred-language\" value=\"Spanish\" \/><span class=\"wpcf7-list-item-label\">Espa\u00f1ol<\/span><\/label><\/span><\/span><\/span>\n\t<\/p>\n\t<p><span class=\"wpcf7-form-control-wrap\" data-name=\"your-email\"><input size=\"40\" maxlength=\"400\" class=\"wpcf7-form-control wpcf7-email wpcf7-validates-as-required wpcf7-text wpcf7-validates-as-email\" aria-required=\"true\" aria-invalid=\"false\" placeholder=\"Incluye tu correo\" value=\"\" type=\"email\" name=\"your-email\" \/><\/span>\n\t<\/p>\n\t<p><input class=\"wpcf7-form-control wpcf7-submit has-spinner btn btn-primary\" type=\"submit\" value=\"Enviar\" \/>\n\t<\/p>\n<\/div><div class=\"wpcf7-response-output\" aria-hidden=\"true\"><\/div>\n<input type=\"hidden\" name=\"trp-form-language\" value=\"es\"\/><\/form>\n<\/div>\n\t\t\t\t<\/div>\n\t\t\t\t<\/div>\n\t\t\t\t<\/div>\n\t\t<div class=\"elementor-element elementor-element-2f64b5e e-con-full e-flex e-con e-child\" data-id=\"2f64b5e\" data-element_type=\"container\" data-e-type=\"container\">\n\t\t\t\t<div class=\"elementor-element elementor-element-cf96108 elementor-widget elementor-widget-image\" data-id=\"cf96108\" data-element_type=\"widget\" data-e-type=\"widget\" data-widget_type=\"image.default\">\n\t\t\t\t<div class=\"elementor-widget-container\">\n\t\t\t\t\t\t\t\t\t\t\t\t\t\t\t<img fetchpriority=\"high\" decoding=\"async\" width=\"1088\" height=\"1218\" src=\"https:\/\/annieplengecounselor.com\/wp-content\/uploads\/2024\/12\/annie-contat-form.webp\" class=\"attachment-full size-full wp-image-441\" alt=\"\" srcset=\"https:\/\/annieplengecounselor.com\/wp-content\/uploads\/2024\/12\/annie-contat-form.webp 1088w, https:\/\/annieplengecounselor.com\/wp-content\/uploads\/2024\/12\/annie-contat-form-268x300.webp 268w, https:\/\/annieplengecounselor.com\/wp-content\/uploads\/2024\/12\/annie-contat-form-915x1024.webp 915w, https:\/\/annieplengecounselor.com\/wp-content\/uploads\/2024\/12\/annie-contat-form-768x860.webp 768w, https:\/\/annieplengecounselor.com\/wp-content\/uploads\/2024\/12\/annie-contat-form-600x672.webp 600w, https:\/\/annieplengecounselor.com\/wp-content\/uploads\/2024\/12\/annie-contat-form-150x168.webp 150w\" sizes=\"(max-width: 1088px) 100vw, 1088px\" \/>\t\t\t\t\t\t\t\t\t\t\t\t\t\t\t<\/div>\n\t\t\t\t<\/div>\n\t\t\t\t<\/div>\n\t\t\t\t\t<\/div>\n\t\t\t\t<\/div>\n\t\t\t\t<\/div>","protected":false},"excerpt":{"rendered":"<p>Free trial Free trial What\u2019s your gender? WomanMan Gender plays an important role in shaping personal identity and experiences. This<\/p>","protected":false},"author":1,"featured_media":0,"parent":0,"menu_order":0,"comment_status":"closed","ping_status":"closed","template":"","meta":{"_acf_changed":false,"footnotes":""},"class_list":["post-999","page","type-page","status-publish","hentry"],"acf":[],"_links":{"self":[{"href":"https:\/\/annieplengecounselor.com\/es\/wp-json\/wp\/v2\/pages\/999","targetHints":{"allow":["GET"]}}],"collection":[{"href":"https:\/\/annieplengecounselor.com\/es\/wp-json\/wp\/v2\/pages"}],"about":[{"href":"https:\/\/annieplengecounselor.com\/es\/wp-json\/wp\/v2\/types\/page"}],"author":[{"embeddable":true,"href":"https:\/\/annieplengecounselor.com\/es\/wp-json\/wp\/v2\/users\/1"}],"replies":[{"embeddable":true,"href":"https:\/\/annieplengecounselor.com\/es\/wp-json\/wp\/v2\/comments?post=999"}],"version-history":[{"count":9,"href":"https:\/\/annieplengecounselor.com\/es\/wp-json\/wp\/v2\/pages\/999\/revisions"}],"predecessor-version":[{"id":1012,"href":"https:\/\/annieplengecounselor.com\/es\/wp-json\/wp\/v2\/pages\/999\/revisions\/1012"}],"wp:attachment":[{"href":"https:\/\/annieplengecounselor.com\/es\/wp-json\/wp\/v2\/media?parent=999"}],"curies":[{"name":"wp","href":"https:\/\/api.w.org\/{rel}","templated":true}]}}